{"id":105,"date":"2009-10-03T23:49:31","date_gmt":"2009-10-03T21:49:31","guid":{"rendered":"http:\/\/www.heimatverein-delligsen.de\/hvd20\/?page_id=105"},"modified":"2022-10-24T13:13:18","modified_gmt":"2022-10-24T12:13:18","slug":"impressum","status":"publish","type":"page","link":"https:\/\/www.heimatverein-delligsen.de\/?page_id=105","title":{"rendered":"Impressum"},"content":{"rendered":"<p><strong>Redaktionelle Mitarbeit:<\/strong><br \/>\nBeitr\u00e4ge\/Fotos werden namentlich gekennzeichnet<\/p>\n<p><strong>Technische Umsetzung und Layout:<br \/>\n<\/strong>Eike Heuer<br \/>\nwebmaster(at)heimatverein-delligsen.de<\/p>\n<p><strong>Inhaltlich Verantwortlicher gem. 10 Absatz 3 MDStV:<\/strong><br \/>\nHeimatverein Delligsen e.V.<br \/>\n&#8211; Gesch\u00e4ftsf\u00fchrender Vorstand &#8211;<br \/>\nRolf-Henning Koch<br \/>\nPestalozziweg 50<br \/>\n31073 Delligsen<\/p>\n<p><strong> Haftungshinweis:<\/strong><br \/>\nTrotz sorgf\u00e4ltiger inhaltlicher Kontrolle \u00fcbernehmen wir keine Haftung f\u00fcr die Inhalte externer Links. F\u00fcr den Inhalt der verlinkten Seiten sind ausschlie\u00dflich deren Betreiber verantwortlich.<\/p>\n<p><a href=\"http:\/\/www.disclaimer.de\/disclaimer.htm?farbe=FFFFFF\/000000\/000000\/000000\" target=\"_blank\" rel=\"noopener\">Haftungsausschluss<\/a><\/p>\n<p>www.heimatverein-delligsen.de is powered by WordPress<br \/>\nTheme Tortuga von ThemeZee<\/p>\n","protected":false},"excerpt":{"rendered":"<p>Redaktionelle Mitarbeit: Beitr\u00e4ge\/Fotos werden namentlich gekennzeichnet Technische Umsetzung und Layout: Eike Heuer webmaster(at)heimatverein-delligsen.de Inhaltlich Verantwortlicher gem. 10 Absatz 3 MDStV:<\/p>\n","protected":false},"author":1,"featured_media":0,"parent":3129,"menu_order":0,"comment_status":"closed","ping_status":"open","template":"","meta":{"footnotes":""},"class_list":["post-105","page","type-page","status-publish","hentry"],"_links":{"self":[{"href":"https:\/\/www.heimatverein-delligsen.de\/index.php?rest_route=\/wp\/v2\/pages\/105","targetHints":{"allow":["GET"]}}],"collection":[{"href":"https:\/\/www.heimatverein-delligsen.de\/index.php?rest_route=\/wp\/v2\/pages"}],"about":[{"href":"https:\/\/www.heimatverein-delligsen.de\/index.php?rest_route=\/wp\/v2\/types\/page"}],"author":[{"embeddable":true,"href":"https:\/\/www.heimatverein-delligsen.de\/index.php?rest_route=\/wp\/v2\/users\/1"}],"replies":[{"embeddable":true,"href":"https:\/\/www.heimatverein-delligsen.de\/index.php?rest_route=%2Fwp%2Fv2%2Fcomments&post=105"}],"version-history":[{"count":15,"href":"https:\/\/www.heimatverein-delligsen.de\/index.php?rest_route=\/wp\/v2\/pages\/105\/revisions"}],"predecessor-version":[{"id":8914,"href":"https:\/\/www.heimatverein-delligsen.de\/index.php?rest_route=\/wp\/v2\/pages\/105\/revisions\/8914"}],"up":[{"embeddable":true,"href":"https:\/\/www.heimatverein-delligsen.de\/index.php?rest_route=\/wp\/v2\/pages\/3129"}],"wp:attachment":[{"href":"https:\/\/www.heimatverein-delligsen.de\/index.php?rest_route=%2Fwp%2Fv2%2Fmedia&parent=105"}],"curies":[{"name":"wp","href":"https:\/\/api.w.org\/{rel}","templated":true}]}}