{"id":293,"date":"2009-10-10T23:22:54","date_gmt":"2009-10-10T21:22:54","guid":{"rendered":"http:\/\/www.heimatverein-delligsen.de\/hvd20\/?page_id=293"},"modified":"2021-11-10T17:47:24","modified_gmt":"2021-11-10T16:47:24","slug":"das-ofenbuch","status":"publish","type":"page","link":"https:\/\/www.heimatverein-delligsen.de\/?page_id=293","title":{"rendered":"B\u00fccherangebot"},"content":{"rendered":"<p>Folgende B\u00fccher k\u00f6nnen beim Heimatverein Delligsen bestellt werden:<\/p>\n<ul>\n<li><a href=\"https:\/\/www.heimatverein-delligsen.de\/?page_id=8676\">Delligser Industriegeschichte 1735-1984 (2018) &#8211; 17,- \u20ac<\/a><\/li>\n<li><a href=\"http:\/\/www.heimatverein-delligsen.de\/?page_id=6835\">K\u00fcnstlerischer Eisenguss der Carlsh\u00fctte (2010) &#8211; 12,- \u20ac<\/a><\/li>\n<li><a href=\"http:\/\/www.heimatverein-delligsen.de\/?page_id=6837\">\u00d6fen und Herde der Carlsh\u00fctte (2005) &#8211; 12,- \u20ac<\/a><\/li>\n<\/ul>\n<p>Alle drei B\u00fccher zusammen sind im Kombiangebot f\u00fcr 38,- \u20ac anstatt 41,- \u20ac erh\u00e4ltlich.<br \/>\nAus aktuellem Anlass m\u00f6chten wir darauf hinweisen, dass die B\u00fccher <strong>nicht<\/strong> f\u00fcr den gewerblichen Weiterverkauf bestimmt sind!<\/p>\n\n<div class=\"wpcf7 no-js\" id=\"wpcf7-f6833-o1\" lang=\"de-DE\" dir=\"ltr\" data-wpcf7-id=\"6833\">\n<div class=\"screen-reader-response\"><p role=\"status\" aria-live=\"polite\" aria-atomic=\"true\"><\/p> <ul><\/ul><\/div>\n<form action=\"\/index.php?rest_route=%2Fwp%2Fv2%2Fpages%2F293#wpcf7-f6833-o1\" method=\"post\" class=\"wpcf7-form init\" aria-label=\"Kontaktformular\" novalidate=\"novalidate\" data-status=\"init\">\n<fieldset class=\"hidden-fields-container\"><input type=\"hidden\" name=\"_wpcf7\" value=\"6833\" \/><input type=\"hidden\" name=\"_wpcf7_version\" value=\"6.1.4\" \/><input type=\"hidden\" name=\"_wpcf7_locale\" value=\"de_DE\" \/><input type=\"hidden\" name=\"_wpcf7_unit_tag\" value=\"wpcf7-f6833-o1\" \/><input type=\"hidden\" name=\"_wpcf7_container_post\" value=\"0\" \/><input type=\"hidden\" name=\"_wpcf7_posted_data_hash\" value=\"\" \/><input type=\"hidden\" name=\"_wpcf7_recaptcha_response\" value=\"\" \/>\n<\/fieldset>\n<p><label> Ihr Name (Pflichtfeld)<br \/>\n<span class=\"wpcf7-form-control-wrap\" data-name=\"your-name\"><input size=\"40\" maxlength=\"400\" class=\"wpcf7-form-control wpcf7-text wpcf7-validates-as-required\" aria-required=\"true\" aria-invalid=\"false\" value=\"\" type=\"text\" name=\"your-name\" \/><\/span> <\/label>\n<\/p>\n<p><label> Ihre E-Mail-Adresse (Pflichtfeld)<br \/>\n<span class=\"wpcf7-form-control-wrap\" data-name=\"your-email\"><input size=\"40\" maxlength=\"400\" class=\"wpcf7-form-control wpcf7-email wpcf7-validates-as-required wpcf7-text wpcf7-validates-as-email\" aria-required=\"true\" aria-invalid=\"false\" value=\"\" type=\"email\" name=\"your-email\" \/><\/span> <\/label>\n<\/p>\n<p><label> <span class=\"wpcf7-form-control-wrap\" data-name=\"number-industriegeschichte\"><input class=\"wpcf7-form-control wpcf7-number wpcf7-validates-as-required wpcf7-validates-as-number form-book-order-count\" min=\"0\" max=\"10\" aria-required=\"true\" aria-invalid=\"false\" value=\"0\" type=\"number\" name=\"number-industriegeschichte\" \/><\/span> x Delligser Industriegeschichte 1735-1984 (2018)<\/label>\n<\/p>\n<p><label> <span class=\"wpcf7-form-control-wrap\" data-name=\"number-eisenwerke\"><input class=\"wpcf7-form-control wpcf7-number wpcf7-validates-as-required wpcf7-validates-as-number form-book-order-count\" min=\"0\" max=\"10\" aria-required=\"true\" aria-invalid=\"false\" value=\"0\" type=\"number\" name=\"number-eisenwerke\" \/><\/span> x K\u00fcnstlerischer Eisenguss der Carlsh\u00fctte (2010)<\/label>\n<\/p>\n<p><label><span class=\"wpcf7-form-control-wrap\" data-name=\"number-oefen\"><input class=\"wpcf7-form-control wpcf7-number wpcf7-validates-as-required wpcf7-validates-as-number form-book-order-count\" min=\"0\" max=\"10\" aria-required=\"true\" aria-invalid=\"false\" value=\"0\" type=\"number\" name=\"number-oefen\" \/><\/span> x \u00d6fen und Herde der Carlsh\u00fctte (2005)<\/label>\n<\/p>\n<p><label> Ihre Nachricht<br \/>\n<span class=\"wpcf7-form-control-wrap\" data-name=\"your-message\"><textarea cols=\"40\" rows=\"10\" maxlength=\"2000\" class=\"wpcf7-form-control wpcf7-textarea\" aria-invalid=\"false\" name=\"your-message\"><\/textarea><\/span> <\/label>\n<\/p>\n<p><span class=\"wpcf7-form-control-wrap\" data-name=\"datenschutz\"><span class=\"wpcf7-form-control wpcf7-checkbox wpcf7-validates-as-required\"><span class=\"wpcf7-list-item first last\"><input type=\"checkbox\" name=\"datenschutz[]\" value=\"Hiermit stimme ich der Speicherung meiner gemachten Angaben zur Bearbeitung meiner Bestellung und m\u00f6glichen Anschlussfragen zu.\" \/><span class=\"wpcf7-list-item-label\">Hiermit stimme ich der Speicherung meiner gemachten Angaben zur Bearbeitung meiner Bestellung und m\u00f6glichen Anschlussfragen zu.<\/span><\/span><\/span><\/span>\n<\/p>\n\n<p><input class=\"wpcf7-form-control wpcf7-submit has-spinner\" type=\"submit\" value=\"Senden\" \/>\n<\/p><div class=\"wpcf7-response-output\" aria-hidden=\"true\"><\/div>\n<\/form>\n<\/div>\n\n","protected":false},"excerpt":{"rendered":"<p>Folgende B\u00fccher k\u00f6nnen beim Heimatverein Delligsen bestellt werden: Delligser Industriegeschichte 1735-1984 (2018) &#8211; 17,- \u20ac K\u00fcnstlerischer Eisenguss der Carlsh\u00fctte (2010)<\/p>\n","protected":false},"author":1,"featured_media":0,"parent":3129,"menu_order":0,"comment_status":"closed","ping_status":"open","template":"","meta":{"footnotes":""},"class_list":["post-293","page","type-page","status-publish","hentry"],"_links":{"self":[{"href":"https:\/\/www.heimatverein-delligsen.de\/index.php?rest_route=\/wp\/v2\/pages\/293","targetHints":{"allow":["GET"]}}],"collection":[{"href":"https:\/\/www.heimatverein-delligsen.de\/index.php?rest_route=\/wp\/v2\/pages"}],"about":[{"href":"https:\/\/www.heimatverein-delligsen.de\/index.php?rest_route=\/wp\/v2\/types\/page"}],"author":[{"embeddable":true,"href":"https:\/\/www.heimatverein-delligsen.de\/index.php?rest_route=\/wp\/v2\/users\/1"}],"replies":[{"embeddable":true,"href":"https:\/\/www.heimatverein-delligsen.de\/index.php?rest_route=%2Fwp%2Fv2%2Fcomments&post=293"}],"version-history":[{"count":25,"href":"https:\/\/www.heimatverein-delligsen.de\/index.php?rest_route=\/wp\/v2\/pages\/293\/revisions"}],"predecessor-version":[{"id":8680,"href":"https:\/\/www.heimatverein-delligsen.de\/index.php?rest_route=\/wp\/v2\/pages\/293\/revisions\/8680"}],"up":[{"embeddable":true,"href":"https:\/\/www.heimatverein-delligsen.de\/index.php?rest_route=\/wp\/v2\/pages\/3129"}],"wp:attachment":[{"href":"https:\/\/www.heimatverein-delligsen.de\/index.php?rest_route=%2Fwp%2Fv2%2Fmedia&parent=293"}],"curies":[{"name":"wp","href":"https:\/\/api.w.org\/{rel}","templated":true}]}}